{"id":10,"date":"2019-04-02T22:18:42","date_gmt":"2019-04-02T20:18:42","guid":{"rendered":"http:\/\/www.gdowskafg.com\/test\/?page_id=10"},"modified":"2020-02-17T19:58:56","modified_gmt":"2020-02-17T18:58:56","slug":"about","status":"publish","type":"page","link":"http:\/\/www.gdowskafg.com\/pl\/about\/","title":{"rendered":"O NAS"},"content":{"rendered":"<div data-elementor-type=\"wp-page\" data-elementor-id=\"10\" class=\"elementor elementor-10\" data-elementor-post-type=\"page\">\n\t\t\t\t\t\t<section class=\"elementor-section elementor-top-section elementor-element elementor-element-da8232e elementor-section-stretched elementor-section-full_width elementor-section-height-default elementor-section-height-default\" data-id=\"da8232e\" data-element_type=\"section\" data-settings=\"{&quot;stretch_section&quot;:&quot;section-stretched&quot;,&quot;background_background&quot;:&quot;classic&quot;}\">\n\t\t\t\t\t\t\t<div class=\"elementor-background-overlay\"><\/div>\n\t\t\t\t\t\t\t<div class=\"elementor-container elementor-column-gap-default\">\n\t\t\t\t\t<div class=\"elementor-column elementor-col-50 elementor-top-column elementor-element elementor-element-4ae3366\" data-id=\"4ae3366\" data-element_type=\"column\" data-settings=\"{&quot;background_background&quot;:&quot;classic&quot;}\">\n\t\t\t<div class=\"elementor-widget-wrap elementor-element-populated\">\n\t\t\t\t\t<div class=\"elementor-background-overlay\"><\/div>\n\t\t\t\t\t\t<div class=\"elementor-element elementor-element-91b1b88 elementor-widget elementor-widget-text-editor\" data-id=\"91b1b88\" data-element_type=\"widget\" data-widget_type=\"text-editor.default\">\n\t\t\t\t<div class=\"elementor-widget-container translation-block\"><span style=\"font-weight: bold\">GDOWSKA FG<\/span> zosta\u0142a za\u0142o\u017cona przez Aldon\u0119 Gdowsk\u0105 Przylipiak dzi\u0119ki wieloletniemu\ndo\u015bwiadczeniu zdobytemu w r\u00f3\u017cnych dziedzinach mody, luksusu, marketingu i\nkomunikacji. R\u00f3wnie\u017c pasja do sztuki i kina wp\u0142yn\u0119\u0142a na pomys\u0142 za\u0142o\u017cenia w\u0142asnej\nagencji.\n<\/br>\n<span style=\"font-weight: bold;padding: 5px;font-size: 18px\">GDOWSKA FG<\/span>jest mi\u0119dzynarodow\u0105 agencj\u0105 <strong>PR<\/strong> i <strong>marketingu<\/strong> dzia\u0142aj\u0105ca w bran\u017cy<strong> d\u00f3br luksusowych, fashion, urody, lifestyle, sztuki, kultury i designu.<\/strong> \nFirma zgromadzi\u0142a wok\u00f3\u0142 siebie wielu do\u015bwiadczonych, utalentowanych i zaufanych wsp\u00f3\u0142pracownik\u00f3w z ca\u0142ego \u015bwiata. Opieraj\u0105c si\u0119 na 6-letnim do\u015bwiadczeniu w tworzeniu trend\u00f3w w modzie i\nprezentacji ofert dla najlepszych \u015bwiatowych sklep\u00f3w oraz na 10-letnim do\u015bwiadczeniu w\norganizowaniu event\u00f3w we W\u0142oszech; obecnie Aldy wraz ze swoim zespo\u0142em zapewnia\nwyj\u0105tkowe rozwi\u0105zania wszystkim klientom, kt\u00f3rych celem jest rozw\u00f3j i kt\u00f3rzy chc\u0105\nwyr\u00f3\u017cni\u0107 si\u0119 na tle konkurencji. \u015aledzimy i znajdujemy nowe trendy, badamy nowe\nstrategie, szukamy sposobu na stworzenie wi\u0119zi emocjonalnych z grup\u0105 odbiorc\u00f3w i\nklientami, bior\u0105c pod uwag\u0119 ka\u017cdy szczeg\u00f3\u0142, takie jak druk, broadcasting i media cyfrowe,\nspecjalne eventy, prezentacje, pokazy, product placement, zesp\u00f3\u0142 stylist\u00f3w i fotografik\u00f3w,\nobs\u0142ug\u0119 biura prasowego i visual merchandising. Od wsparcia kreatywnego po strategi\u0119\nhandlow\u0105 i dystrybucyjn\u0105 - oferujemy us\u0142ugi w 360 stopniach w celu wzmocnienia i\nodm\u0142odzenia uznanych marek lub wspierania stabilnego rozwoju ca\u0142kiem nowych START-\nUP-\u00f3w.\nWk\u0142adamy ca\u0142\u0105 nasz\u0105 energi\u0119, wiedz\u0119 bran\u017cow\u0105 i pasj\u0119, aby stworzy\u0107 us\u0142ugi ad hoc, kt\u00f3re\nnie tylko spe\u0142niaj\u0105, ale przekraczaj\u0105 oczekiwania klient\u00f3w, jednocze\u015bnie spe\u0142niaj\u0105c\nwymagania rynku.<\/div>\n\t\t\t\t<\/div>\n\t\t\t\t\t<\/div>\n\t\t<\/div>\n\t\t\t\t<div class=\"elementor-column elementor-col-50 elementor-top-column elementor-element elementor-element-2e52478\" data-id=\"2e52478\" data-element_type=\"column\">\n\t\t\t<div class=\"elementor-widget-wrap elementor-element-populated\">\n\t\t\t\t\t\t<div class=\"elementor-element elementor-element-d548dbe elementor-widget elementor-widget-image\" data-id=\"d548dbe\" data-element_type=\"widget\" data-widget_type=\"image.default\">\n\t\t\t\t<div class=\"elementor-widget-container\">\n\t\t\t\t\t\t\t\t\t\t\t\t\t\t\t<img fetchpriority=\"high\" decoding=\"async\" width=\"683\" height=\"1024\" src=\"http:\/\/www.gdowskafg.com\/wp-content\/uploads\/2020\/02\/Facetune_10-02-2020-20-25-54-683x1024.jpg\" class=\"attachment-large size-large wp-image-599\" alt=\"\" srcset=\"http:\/\/www.gdowskafg.com\/wp-content\/uploads\/2020\/02\/Facetune_10-02-2020-20-25-54-683x1024.jpg 683w, http:\/\/www.gdowskafg.com\/wp-content\/uploads\/2020\/02\/Facetune_10-02-2020-20-25-54-200x300.jpg 200w, http:\/\/www.gdowskafg.com\/wp-content\/uploads\/2020\/02\/Facetune_10-02-2020-20-25-54-768x1152.jpg 768w, http:\/\/www.gdowskafg.com\/wp-content\/uploads\/2020\/02\/Facetune_10-02-2020-20-25-54-16x24.jpg 16w, http:\/\/www.gdowskafg.com\/wp-content\/uploads\/2020\/02\/Facetune_10-02-2020-20-25-54-24x36.jpg 24w, http:\/\/www.gdowskafg.com\/wp-content\/uploads\/2020\/02\/Facetune_10-02-2020-20-25-54-32x48.jpg 32w, http:\/\/www.gdowskafg.com\/wp-content\/uploads\/2020\/02\/Facetune_10-02-2020-20-25-54.jpg 1166w\" sizes=\"(max-width: 683px) 100vw, 683px\" \/>\t\t\t\t\t\t\t\t\t\t\t\t\t\t\t<\/div>\n\t\t\t\t<\/div>\n\t\t\t\t\t<\/div>\n\t\t<\/div>\n\t\t\t\t\t<\/div>\n\t\t<\/section>\n\t\t\t\t<\/div>","protected":false},"excerpt":{"rendered":"<p>GDOWSKA FG was founded by Aldy Gdowska Przylipiak after many years of experience gained in different areas of fashion, luxury, marketing and communication. Passion for Art and Cinema contributed to the idea of setting up own agency. GDOWSKA FG is an international PR and marketing agency operating in luxury, fashion, beauty, lifestyle, art, culture and [&hellip;]<\/p>","protected":false},"author":1,"featured_media":0,"parent":0,"menu_order":0,"comment_status":"closed","ping_status":"closed","template":"","meta":{"footnotes":""},"class_list":["post-10","page","type-page","status-publish","hentry","no-featured-image"],"_links":{"self":[{"href":"http:\/\/www.gdowskafg.com\/pl\/wp-json\/wp\/v2\/pages\/10","targetHints":{"allow":["GET"]}}],"collection":[{"href":"http:\/\/www.gdowskafg.com\/pl\/wp-json\/wp\/v2\/pages"}],"about":[{"href":"http:\/\/www.gdowskafg.com\/pl\/wp-json\/wp\/v2\/types\/page"}],"author":[{"embeddable":true,"href":"http:\/\/www.gdowskafg.com\/pl\/wp-json\/wp\/v2\/users\/1"}],"replies":[{"embeddable":true,"href":"http:\/\/www.gdowskafg.com\/pl\/wp-json\/wp\/v2\/comments?post=10"}],"version-history":[{"count":24,"href":"http:\/\/www.gdowskafg.com\/pl\/wp-json\/wp\/v2\/pages\/10\/revisions"}],"predecessor-version":[{"id":734,"href":"http:\/\/www.gdowskafg.com\/pl\/wp-json\/wp\/v2\/pages\/10\/revisions\/734"}],"wp:attachment":[{"href":"http:\/\/www.gdowskafg.com\/pl\/wp-json\/wp\/v2\/media?parent=10"}],"curies":[{"name":"wp","href":"https:\/\/api.w.org\/{rel}","templated":true}]}}