{"id":64,"date":"2020-01-23T17:38:50","date_gmt":"2020-01-23T16:38:50","guid":{"rendered":"http:\/\/www.gdowskafg.com\/test\/?page_id=64"},"modified":"2020-02-18T07:15:35","modified_gmt":"2020-02-18T06:15:35","slug":"gfg-fashion-atelier","status":"publish","type":"page","link":"http:\/\/www.gdowskafg.com\/pl\/gfg-fashion-atelier\/","title":{"rendered":"Gdowska fg <span class=\"atelier\">atelier<\/span>"},"content":{"rendered":"<div data-elementor-type=\"wp-page\" data-elementor-id=\"64\" class=\"elementor elementor-64\" data-elementor-post-type=\"page\">\n\t\t\t\t\t\t<section class=\"elementor-section elementor-top-section elementor-element elementor-element-735341c elementor-section-boxed elementor-section-height-default elementor-section-height-default\" data-id=\"735341c\" data-element_type=\"section\">\n\t\t\t\t\t\t<div class=\"elementor-container elementor-column-gap-default\">\n\t\t\t\t\t<div class=\"elementor-column elementor-col-100 elementor-top-column elementor-element elementor-element-0693560\" data-id=\"0693560\" data-element_type=\"column\">\n\t\t\t<div class=\"elementor-widget-wrap elementor-element-populated\">\n\t\t\t\t\t\t<div class=\"elementor-element elementor-element-299cc6d elementor-widget elementor-widget-text-editor\" data-id=\"299cc6d\" data-element_type=\"widget\" data-widget_type=\"text-editor.default\">\n\t\t\t\t<div class=\"elementor-widget-container\">\n\t\t\t\t\t\t\t\t\tGDOWSKA FG\t\t\t\t\t\t\t\t<\/div>\n\t\t\t\t<\/div>\n\t\t\t\t<div class=\"elementor-element elementor-element-742ca8b elementor-widget elementor-widget-text-editor\" data-id=\"742ca8b\" data-element_type=\"widget\" data-widget_type=\"text-editor.default\">\n\t\t\t\t<div class=\"elementor-widget-container\">\n\t\t\t\t\t\t\t\t\tAtelier\t\t\t\t\t\t\t\t<\/div>\n\t\t\t\t<\/div>\n\t\t\t\t\t<\/div>\n\t\t<\/div>\n\t\t\t\t\t<\/div>\n\t\t<\/section>\n\t\t\t\t<section class=\"elementor-section elementor-top-section elementor-element elementor-element-9c4e8a4 elementor-section-stretched elementor-section-full_width elementor-section-height-default elementor-section-height-default\" data-id=\"9c4e8a4\" data-element_type=\"section\" data-settings=\"{&quot;stretch_section&quot;:&quot;section-stretched&quot;}\">\n\t\t\t\t\t\t<div class=\"elementor-container elementor-column-gap-default\">\n\t\t\t\t\t<div class=\"elementor-column elementor-col-100 elementor-top-column elementor-element elementor-element-472947c\" data-id=\"472947c\" data-element_type=\"column\">\n\t\t\t<div class=\"elementor-widget-wrap elementor-element-populated\">\n\t\t\t\t\t\t<div class=\"elementor-element elementor-element-a5ad3f3 elementor-arrows-position-inside elementor-pagination-position-outside elementor-widget elementor-widget-image-carousel\" data-id=\"a5ad3f3\" data-element_type=\"widget\" data-settings=\"{&quot;slides_to_show&quot;:&quot;1&quot;,&quot;navigation&quot;:&quot;both&quot;,&quot;autoplay&quot;:&quot;yes&quot;,&quot;pause_on_hover&quot;:&quot;yes&quot;,&quot;pause_on_interaction&quot;:&quot;yes&quot;,&quot;autoplay_speed&quot;:5000,&quot;infinite&quot;:&quot;yes&quot;,&quot;effect&quot;:&quot;slide&quot;,&quot;speed&quot;:500}\" data-widget_type=\"image-carousel.default\">\n\t\t\t\t<div class=\"elementor-widget-container\">\n\t\t\t\t\t\t\t<div class=\"elementor-image-carousel-wrapper swiper\" role=\"region\" aria-roledescription=\"carousel\" aria-label=\"Image Carousel\" dir=\"ltr\">\n\t\t\t<div class=\"elementor-image-carousel swiper-wrapper\" aria-live=\"off\">\n\t\t\t\t\t\t\t\t<div class=\"swiper-slide\" role=\"group\" aria-roledescription=\"slide\" aria-label=\"1 of 2\"><figure class=\"swiper-slide-inner\"><img decoding=\"async\" class=\"swiper-slide-image\" src=\"https:\/\/www.gdowskafg.com\/wp-content\/uploads\/2020\/02\/gruppo-2.jpg\" alt=\"gruppo 2\" \/><\/figure><\/div><div class=\"swiper-slide\" role=\"group\" aria-roledescription=\"slide\" aria-label=\"2 of 2\"><figure class=\"swiper-slide-inner\"><img decoding=\"async\" class=\"swiper-slide-image\" src=\"https:\/\/www.gdowskafg.com\/wp-content\/uploads\/2020\/02\/gruppo-4.jpg\" alt=\"gruppo 4\" \/><\/figure><\/div>\t\t\t<\/div>\n\t\t\t\t\t\t\t\t\t\t\t\t<div class=\"elementor-swiper-button elementor-swiper-button-prev\" role=\"button\" tabindex=\"0\">\n\t\t\t\t\t\t<i aria-hidden=\"true\" class=\"eicon-chevron-left\"><\/i>\t\t\t\t\t<\/div>\n\t\t\t\t\t<div class=\"elementor-swiper-button elementor-swiper-button-next\" role=\"button\" tabindex=\"0\">\n\t\t\t\t\t\t<i aria-hidden=\"true\" class=\"eicon-chevron-right\"><\/i>\t\t\t\t\t<\/div>\n\t\t\t\t\n\t\t\t\t\t\t\t\t\t<div class=\"swiper-pagination\"><\/div>\n\t\t\t\t\t\t\t\t\t<\/div>\n\t\t\t\t\t\t<\/div>\n\t\t\t\t<\/div>\n\t\t\t\t\t<\/div>\n\t\t<\/div>\n\t\t\t\t\t<\/div>\n\t\t<\/section>\n\t\t\t\t<section class=\"elementor-section elementor-top-section elementor-element elementor-element-6caf80e elementor-section-stretched elementor-section-boxed elementor-section-height-default elementor-section-height-default\" data-id=\"6caf80e\" data-element_type=\"section\" data-settings=\"{&quot;stretch_section&quot;:&quot;section-stretched&quot;}\">\n\t\t\t\t\t\t<div class=\"elementor-container elementor-column-gap-default\">\n\t\t\t\t\t<div class=\"elementor-column elementor-col-100 elementor-top-column elementor-element elementor-element-b9feb2e\" data-id=\"b9feb2e\" data-element_type=\"column\">\n\t\t\t<div class=\"elementor-widget-wrap elementor-element-populated\">\n\t\t\t\t\t\t<div class=\"elementor-element elementor-element-3303f1c elementor-widget elementor-widget-text-editor\" data-id=\"3303f1c\" data-element_type=\"widget\" data-widget_type=\"text-editor.default\">\n\t\t\t\t<div class=\"elementor-widget-container\">\n\t\t\t\t\t\t\t\t\t<p style=\"text-align:center;\">IT\u2019 S OUR PASSION TO MAKE U FIT WELL !!!\n\nSPRAWIMY, \u017bE B\u0118DZIESZ CZU\u0141A SI\u0118 BARDZIEJ PEWNA SIEBIE, PI\u0118KNA I KOBIECA NI\u017b KIEDYKOLWIEK WCZE\u015aNIEJ!\n\nNASZYM CELEM JEST STWORZENIE DLA CIEBIE IDEALNEJ SUKNI NA SPECJALN\u0104 OKAZJ\u0118, KT\u00d3RA\n\nB\u0118DZIE DOPASOWANA DO TWOJEGO STYLU I POTRZEB. WYKORZYSTUJEMY NASZE DO\u015aWIADCZENIE I KREATYWNO\u015a\u0106,\n\n\u017bEBY STWORZY\u0106\nSUKIENK\u0118 TWOICH MARZE\u0143 IDEALN\u0104 I NAJWY\u017bSZEJ JAKO\u015aCI, WYKO\u0143CZON\u0104\n\nLUKSUSOWYMI, R\u0118CZNIE WYSZYWANYMI DODATKAMI.<\/p>\t\t\t\t\t\t\t\t<\/div>\n\t\t\t\t<\/div>\n\t\t\t\t\t<\/div>\n\t\t<\/div>\n\t\t\t\t\t<\/div>\n\t\t<\/section>\n\t\t\t\t<section class=\"elementor-section elementor-top-section elementor-element elementor-element-f49e86f elementor-section-stretched elementor-section-boxed elementor-section-height-default elementor-section-height-default\" data-id=\"f49e86f\" data-element_type=\"section\" data-settings=\"{&quot;stretch_section&quot;:&quot;section-stretched&quot;}\">\n\t\t\t\t\t\t<div class=\"elementor-container elementor-column-gap-default\">\n\t\t\t\t\t<div class=\"elementor-column elementor-col-100 elementor-top-column elementor-element elementor-element-e041fca\" data-id=\"e041fca\" data-element_type=\"column\">\n\t\t\t<div class=\"elementor-widget-wrap elementor-element-populated\">\n\t\t\t\t\t\t<div class=\"elementor-element elementor-element-6b550ef elementor-widget elementor-widget-text-editor\" data-id=\"6b550ef\" data-element_type=\"widget\" data-widget_type=\"text-editor.default\">\n\t\t\t\t<div class=\"elementor-widget-container translation-block\">OFERUJEMY :\n\nSUKIENKI NA MIAR\u0118 NA SPECJALNE OKAZJE<span style=\"font-family: inherit\">\u00a0<\/span>\n\n<span style=\"font-family: inherit\">PROJEKTY PERSONALIZOWANE I ANALIZ\u0118 TREND\u00d3W<\/span>\n\nSTYLIZACJ\u0118 UBIORU I OSOBIST\u0104\n\nTO NAPRAWD\u0118 PROSTE:\nWPISZ SWOJE WYMIARY PONI\u017bEJ:<\/div>\n\t\t\t\t<\/div>\n\t\t\t\t\t<\/div>\n\t\t<\/div>\n\t\t\t\t\t<\/div>\n\t\t<\/section>\n\t\t\t\t<section class=\"elementor-section elementor-top-section elementor-element elementor-element-27c27d9 elementor-section-stretched elementor-section-boxed elementor-section-height-default elementor-section-height-default\" data-id=\"27c27d9\" data-element_type=\"section\" data-settings=\"{&quot;stretch_section&quot;:&quot;section-stretched&quot;}\">\n\t\t\t\t\t\t<div class=\"elementor-container elementor-column-gap-default\">\n\t\t\t\t\t<div class=\"elementor-column elementor-col-50 elementor-top-column elementor-element elementor-element-2865f25\" data-id=\"2865f25\" data-element_type=\"column\">\n\t\t\t<div class=\"elementor-widget-wrap elementor-element-populated\">\n\t\t\t\t\t\t<div class=\"elementor-element elementor-element-75827c5 elementor-widget elementor-widget-image\" data-id=\"75827c5\" data-element_type=\"widget\" data-widget_type=\"image.default\">\n\t\t\t\t<div class=\"elementor-widget-container\">\n\t\t\t\t\t\t\t\t\t\t\t\t\t\t\t<img fetchpriority=\"high\" decoding=\"async\" width=\"600\" height=\"900\" src=\"https:\/\/www.gdowskafg.com\/wp-content\/uploads\/2020\/02\/sizemodel.png\" class=\"attachment-large size-large wp-image-306\" alt=\"\" srcset=\"https:\/\/www.gdowskafg.com\/wp-content\/uploads\/2020\/02\/sizemodel.png 600w, https:\/\/www.gdowskafg.com\/wp-content\/uploads\/2020\/02\/sizemodel-200x300.png 200w\" sizes=\"(max-width: 600px) 100vw, 600px\" \/>\t\t\t\t\t\t\t\t\t\t\t\t\t\t\t<\/div>\n\t\t\t\t<\/div>\n\t\t\t\t\t<\/div>\n\t\t<\/div>\n\t\t\t\t<div class=\"elementor-column elementor-col-50 elementor-top-column elementor-element elementor-element-446e7a6\" data-id=\"446e7a6\" data-element_type=\"column\">\n\t\t\t<div class=\"elementor-widget-wrap elementor-element-populated\">\n\t\t\t\t\t\t<div class=\"elementor-element elementor-element-70309b1 elementor-widget elementor-widget-shortcode\" data-id=\"70309b1\" data-element_type=\"widget\" data-widget_type=\"shortcode.default\">\n\t\t\t\t<div class=\"elementor-widget-container\">\n\t\t\t\t\t\t\t<div class=\"elementor-shortcode\"><div class=\"forminator-ui forminator-custom-form forminator-custom-form-308 forminator-design--default  forminator_ajax\" data-forminator-render=\"0\" data-form=\"forminator-module-308\" data-uid=\"69e2345a3a200\"><br\/><\/div><form\n\t\t\t\tid=\"forminator-module-308\"\n\t\t\t\tclass=\"forminator-ui forminator-custom-form forminator-custom-form-308 forminator-design--default  forminator_ajax\"\n\t\t\t\tmethod=\"post\"\n\t\t\t\tdata-forminator-render=\"0\"\n\t\t\t\tdata-form-id=\"308\"\n\t\t\t\t data-color-option=\"default\" data-design=\"default\" data-grid=\"open\" style=\"display: none;\"\n\t\t\t\tdata-uid=\"69e2345a3a200\" action=\"\"\n\t\t\t><div role=\"alert\" aria-live=\"polite\" class=\"forminator-response-message forminator-error\" aria-hidden=\"true\"><\/div><div class=\"forminator-row\"><div id=\"number-1\" class=\"forminator-field-number forminator-col forminator-col-12  size-field\"><div class=\"forminator-field\"><label for=\"forminator-field-number-1_69e2345a3a200\" id=\"forminator-field-number-1_69e2345a3a200-label\" class=\"forminator-label\">Shoulder width (A-B) <span class=\"forminator-required\">*<\/span><\/label><input name=\"number-1\" value=\"\" placeholder=\"\" id=\"forminator-field-number-1_69e2345a3a200\" class=\"forminator-input forminator-number--field\" inputmode=\"decimal\" data-required=\"1\" data-decimals=\"0\" aria-required=\"true\" data-inputmask=\"&#039;groupSeparator&#039;: &#039;&#039;, &#039;radixPoint&#039;: &#039;&#039;, &#039;digits&#039;: &#039;0&#039;\" type=\"number\" step=\"any\" min=\"1\" max=\"900\" \/><\/div><\/div><\/div><div class=\"forminator-row\"><div id=\"number-2\" class=\"forminator-field-number forminator-col forminator-col-12  size-field\"><div class=\"forminator-field\"><label for=\"forminator-field-number-2_69e2345a3a200\" id=\"forminator-field-number-2_69e2345a3a200-label\" class=\"forminator-label\">Bust Circumference (E-F) <span class=\"forminator-required\">*<\/span><\/label><input name=\"number-2\" value=\"\" placeholder=\"\" id=\"forminator-field-number-2_69e2345a3a200\" class=\"forminator-input forminator-number--field\" inputmode=\"decimal\" data-required=\"1\" data-decimals=\"0\" aria-required=\"true\" data-inputmask=\"&#039;groupSeparator&#039;: &#039;&#039;, &#039;radixPoint&#039;: &#039;&#039;, &#039;digits&#039;: &#039;0&#039;\" type=\"number\" step=\"any\" min=\"1\" max=\"950\" \/><\/div><\/div><\/div><div class=\"forminator-row\"><div id=\"number-3\" class=\"forminator-field-number forminator-col forminator-col-12  size-field\"><div class=\"forminator-field\"><label for=\"forminator-field-number-3_69e2345a3a200\" id=\"forminator-field-number-3_69e2345a3a200-label\" class=\"forminator-label\">Waist Circumference (G-H) <span class=\"forminator-required\">*<\/span><\/label><input name=\"number-3\" value=\"\" placeholder=\"\" id=\"forminator-field-number-3_69e2345a3a200\" class=\"forminator-input forminator-number--field\" inputmode=\"decimal\" data-required=\"1\" data-decimals=\"0\" aria-required=\"true\" data-inputmask=\"&#039;groupSeparator&#039;: &#039;&#039;, &#039;radixPoint&#039;: &#039;&#039;, &#039;digits&#039;: &#039;0&#039;\" type=\"number\" step=\"any\" min=\"1\" max=\"950\" \/><\/div><\/div><\/div><div class=\"forminator-row\"><div id=\"number-4\" class=\"forminator-field-number forminator-col forminator-col-12  size-field\"><div class=\"forminator-field\"><label for=\"forminator-field-number-4_69e2345a3a200\" id=\"forminator-field-number-4_69e2345a3a200-label\" class=\"forminator-label\">Hips Circumference (I-L) <span class=\"forminator-required\">*<\/span><\/label><input name=\"number-4\" value=\"\" placeholder=\"\" id=\"forminator-field-number-4_69e2345a3a200\" class=\"forminator-input forminator-number--field\" inputmode=\"decimal\" data-required=\"1\" data-decimals=\"0\" aria-required=\"true\" data-inputmask=\"&#039;groupSeparator&#039;: &#039;&#039;, &#039;radixPoint&#039;: &#039;&#039;, &#039;digits&#039;: &#039;0&#039;\" type=\"number\" step=\"any\" min=\"1\" max=\"950\" \/><\/div><\/div><\/div><div class=\"forminator-row\"><div id=\"number-5\" class=\"forminator-field-number forminator-col forminator-col-12  size-field\"><div class=\"forminator-field\"><label for=\"forminator-field-number-5_69e2345a3a200\" id=\"forminator-field-number-5_69e2345a3a200-label\" class=\"forminator-label\">Elbow Circumference (C) <span class=\"forminator-required\">*<\/span><\/label><input name=\"number-5\" value=\"\" placeholder=\"\" id=\"forminator-field-number-5_69e2345a3a200\" class=\"forminator-input forminator-number--field\" inputmode=\"decimal\" data-required=\"1\" data-decimals=\"0\" aria-required=\"true\" data-inputmask=\"&#039;groupSeparator&#039;: &#039;&#039;, &#039;radixPoint&#039;: &#039;&#039;, &#039;digits&#039;: &#039;0&#039;\" type=\"number\" step=\"any\" min=\"1\" max=\"950\" \/><\/div><\/div><\/div><div class=\"forminator-row\"><div id=\"number-6\" class=\"forminator-field-number forminator-col forminator-col-12  size-field\"><div class=\"forminator-field\"><label for=\"forminator-field-number-6_69e2345a3a200\" id=\"forminator-field-number-6_69e2345a3a200-label\" class=\"forminator-label\">Arm Lenght (B-D) <span class=\"forminator-required\">*<\/span><\/label><input name=\"number-6\" value=\"\" placeholder=\"\" id=\"forminator-field-number-6_69e2345a3a200\" class=\"forminator-input forminator-number--field\" inputmode=\"decimal\" data-required=\"1\" data-decimals=\"0\" aria-required=\"true\" data-inputmask=\"&#039;groupSeparator&#039;: &#039;&#039;, &#039;radixPoint&#039;: &#039;&#039;, &#039;digits&#039;: &#039;0&#039;\" type=\"number\" step=\"any\" min=\"1\" max=\"950\" \/><\/div><\/div><\/div><div class=\"forminator-row\"><div id=\"number-7\" class=\"forminator-field-number forminator-col forminator-col-12  size-field\"><div class=\"forminator-field\"><label for=\"forminator-field-number-7_69e2345a3a200\" id=\"forminator-field-number-7_69e2345a3a200-label\" class=\"forminator-label\">Waistline to floor (G-N) <span class=\"forminator-required\">*<\/span><\/label><input name=\"number-7\" value=\"\" placeholder=\"\" id=\"forminator-field-number-7_69e2345a3a200\" class=\"forminator-input forminator-number--field\" inputmode=\"decimal\" data-required=\"1\" data-decimals=\"0\" aria-required=\"true\" data-inputmask=\"&#039;groupSeparator&#039;: &#039;&#039;, &#039;radixPoint&#039;: &#039;&#039;, &#039;digits&#039;: &#039;0&#039;\" type=\"number\" step=\"any\" min=\"1\" max=\"950\" \/><\/div><\/div><\/div><div class=\"forminator-row\"><div id=\"number-8\" class=\"forminator-field-number forminator-col forminator-col-12  size-field\"><div class=\"forminator-field\"><label for=\"forminator-field-number-8_69e2345a3a200\" id=\"forminator-field-number-8_69e2345a3a200-label\" class=\"forminator-label\">Waistline to knee (G-M) <span class=\"forminator-required\">*<\/span><\/label><input name=\"number-8\" value=\"\" placeholder=\"\" id=\"forminator-field-number-8_69e2345a3a200\" class=\"forminator-input forminator-number--field\" inputmode=\"decimal\" data-required=\"1\" data-decimals=\"0\" aria-required=\"true\" data-inputmask=\"&#039;groupSeparator&#039;: &#039;&#039;, &#039;radixPoint&#039;: &#039;&#039;, &#039;digits&#039;: &#039;0&#039;\" type=\"number\" step=\"any\" min=\"1\" max=\"950\" \/><\/div><\/div><\/div><div class=\"forminator-row\"><div id=\"text-1\" class=\"forminator-field-text forminator-col forminator-col-12  size-field\"><div class=\"forminator-field\"><label for=\"forminator-field-text-1_69e2345a3a200\" id=\"forminator-field-text-1_69e2345a3a200-label\" class=\"forminator-label\">Mark your size here<\/label><input type=\"text\" name=\"text-1\" value=\"\" placeholder=\"40\/42 S\" id=\"forminator-field-text-1_69e2345a3a200\" class=\"forminator-input forminator-name--field\" data-required=\"\" \/><\/div><\/div><\/div><div class=\"forminator-row\"><div id=\"captcha-1\" class=\"forminator-field-captcha forminator-col forminator-col-12\"><div class=\"forminator-captcha-left forminator-g-recaptcha recaptcha-invisible\" data-theme=\"light\" data-badge=\"inline\" data-sitekey=\"6Leu20EsAAAAAHjiTVmjnPhyZCcQnDBPz2KjeOyB\" data-size=\"invisible\"><\/div> <\/div><\/div><input type=\"hidden\" name=\"referer_url\" value=\"\" \/><div class=\"forminator-row forminator-row-last\"><div class=\"forminator-col\"><div class=\"forminator-field\"><button class=\"forminator-button forminator-button-submit\">Send<\/button><\/div><\/div><\/div><input type=\"hidden\" id=\"forminator_nonce\" name=\"forminator_nonce\" value=\"ed1e753484\" \/><input type=\"hidden\" name=\"_wp_http_referer\" value=\"\/pl\/wp-json\/wp\/v2\/pages\/64\" \/><input type=\"hidden\" name=\"form_id\" value=\"308\"><input type=\"hidden\" name=\"page_id\" value=\"64\"><input type=\"hidden\" name=\"form_type\" value=\"\"><input type=\"hidden\" name=\"current_url\" value=\"http:\/\/www.gdowskafg.com\/pl\/gfg-fashion-atelier\/\"><input type=\"hidden\" name=\"render_id\" value=\"0\"><input type=\"hidden\" name=\"action\" value=\"forminator_submit_form_custom-forms\"><input type=\"hidden\" name=\"trp-form-language\" value=\"pl\"\/><\/form><\/div>\n\t\t\t\t\t\t<\/div>\n\t\t\t\t<\/div>\n\t\t\t\t\t<\/div>\n\t\t<\/div>\n\t\t\t\t\t<\/div>\n\t\t<\/section>\n\t\t\t\t<section class=\"elementor-section elementor-top-section elementor-element elementor-element-f4a20ea elementor-section-stretched elementor-section-boxed elementor-section-height-default elementor-section-height-default\" data-id=\"f4a20ea\" data-element_type=\"section\" data-settings=\"{&quot;stretch_section&quot;:&quot;section-stretched&quot;}\">\n\t\t\t\t\t\t<div class=\"elementor-container elementor-column-gap-default\">\n\t\t\t\t\t<div class=\"elementor-column elementor-col-100 elementor-top-column elementor-element elementor-element-2cac20a\" data-id=\"2cac20a\" data-element_type=\"column\">\n\t\t\t<div class=\"elementor-widget-wrap elementor-element-populated\">\n\t\t\t\t\t\t<div class=\"elementor-element elementor-element-4bfcc72 elementor-widget elementor-widget-text-editor\" data-id=\"4bfcc72\" data-element_type=\"widget\" data-widget_type=\"text-editor.default\">\n\t\t\t\t<div class=\"elementor-widget-container\">\n\t\t\t\t\t\t\t\t\t<p class=\"translation-block\">MASZ R\u00d3\u017bNE MO\u017bLIWO\u015aCI:<br>1) WYBIERZ JEDEN Z FASON\u00d3W Z NASZEGO SKLEPU #THELAXSTORE<br>2) WY\u015aLIJ NAM E-MAIL Z INFORMACJAMI DOTYCZ\u0104CYMI POTRZEBNEJ CI SUKIENKI:RODZAJ WYDARZENIA, D\u0141UGO\u015a\u0106, TW\u00d3J ULUBIONY STYL, ELEGANCKI CZY<br>SEKSOWNY, FORMALNY CZY NIEFORMALNY, KOLORY, KT\u00d3RE LUBISZ I KT\u00d3RYCH NIE LUBISZ,\nPROSIMY<br>ZA\u0141\u0104CZY\u0106 JEDNO ZDJ\u0118CIE CA\u0141EJ SYLWETKI<br>3) WY\u015aLIJ E-MAIL Z ZAPYTANIEM O NASZ\u0104 PE\u0141N\u0104, \u201eSZYT\u0104 NA MIAR\u0118\u201d OFERT\u0118 ,KT\u00d3RA OBEJMUJE SPOTKANIE W NASZYM ATELIER LUB WIZYT\u0118 U CIEBIE (DOJAZD NA KOSZT KLIENTA) ORAZ PE\u0141N\u0104 US\u0141UG\u0118 W SK\u0141AD KT\u00d3REJ WCHODZ\u0104: POBRANIE WYMIAR\u00d3W, PROJEKT PROPONOWANEJ SUKIENKI DOSTOSOWANEJ DO OSOBOWO\u015aCI<br>I OKAZJI, PROFESJONALNA POMOC W WYBORZE WSZYSTKICH DODATK\u00d3W I\nAKCESORI\u00d3W.<\/p><p>SKONTAKTUJEMY SI\u0118 Z TOB\u0104 WKR\u00d3TCE, ABY STWORZY\u0106 SUKIENK\u0118 TWOICH\nMARZE\u0143.<br \/>ODWIED\u0179 NASZ #THELAXSTORE , GDZIE ZNAJDZIESZ DU\u017bY WYB\u00d3R NASZYCH\nOSZA\u0141AMIAJ\u0104CYCH SUKIENEK<br \/>&amp; MORE: <a href=\"\/pl\/www.thelaxstore.com\/\">thelaxstore.com<\/a><\/p>\t\t\t\t\t\t\t\t<\/div>\n\t\t\t\t<\/div>\n\t\t\t\t\t<\/div>\n\t\t<\/div>\n\t\t\t\t\t<\/div>\n\t\t<\/section>\n\t\t\t\t<\/div>","protected":false},"excerpt":{"rendered":"<p>GDOWSKA FGAtelier Previous Next IT\u2019 S OUR PASSION TO MAKE U FIT WELL !!! TO MAKE U FEEL MORE CONFIDENT, BEAUTIFUL AND FEMININE EVER! IT\u2019S OUR GOAL TO CREATE THE PERFECT DRESS FOR YOUR SPECIAL OCCASION THAT WILL SUIT YOUR STYLE AND NEEDS. WE USE OUR EXPERTISE AND CREATIVITY TO FULFIL YOUR DREAM OF PERFECT [&hellip;]<\/p>","protected":false},"author":2,"featured_media":0,"parent":0,"menu_order":0,"comment_status":"closed","ping_status":"closed","template":"","meta":{"footnotes":""},"class_list":["post-64","page","type-page","status-publish","hentry","no-featured-image"],"_links":{"self":[{"href":"http:\/\/www.gdowskafg.com\/pl\/wp-json\/wp\/v2\/pages\/64","targetHints":{"allow":["GET"]}}],"collection":[{"href":"http:\/\/www.gdowskafg.com\/pl\/wp-json\/wp\/v2\/pages"}],"about":[{"href":"http:\/\/www.gdowskafg.com\/pl\/wp-json\/wp\/v2\/types\/page"}],"author":[{"embeddable":true,"href":"http:\/\/www.gdowskafg.com\/pl\/wp-json\/wp\/v2\/users\/2"}],"replies":[{"embeddable":true,"href":"http:\/\/www.gdowskafg.com\/pl\/wp-json\/wp\/v2\/comments?post=64"}],"version-history":[{"count":20,"href":"http:\/\/www.gdowskafg.com\/pl\/wp-json\/wp\/v2\/pages\/64\/revisions"}],"predecessor-version":[{"id":745,"href":"http:\/\/www.gdowskafg.com\/pl\/wp-json\/wp\/v2\/pages\/64\/revisions\/745"}],"wp:attachment":[{"href":"http:\/\/www.gdowskafg.com\/pl\/wp-json\/wp\/v2\/media?parent=64"}],"curies":[{"name":"wp","href":"https:\/\/api.w.org\/{rel}","templated":true}]}}