{"id":33,"date":"2019-04-02T22:23:01","date_gmt":"2019-04-02T20:23:01","guid":{"rendered":"http:\/\/www.gdowskafg.com\/test\/?page_id=33"},"modified":"2020-02-11T15:51:32","modified_gmt":"2020-02-11T14:51:32","slug":"talents","status":"publish","type":"page","link":"https:\/\/www.gdowskafg.com\/pl\/talents\/","title":{"rendered":"Talents"},"content":{"rendered":"<div data-elementor-type=\"wp-page\" data-elementor-id=\"33\" class=\"elementor elementor-33\" data-elementor-post-type=\"page\">\n\t\t\t\t\t\t<section class=\"elementor-section elementor-top-section elementor-element elementor-element-e40ae18 elementor-section-stretched elementor-section-full_width elementor-section-height-min-height elementor-section-height-default elementor-section-items-middle\" data-id=\"e40ae18\" data-element_type=\"section\" data-settings=\"{&quot;stretch_section&quot;:&quot;section-stretched&quot;,&quot;background_background&quot;:&quot;classic&quot;}\">\n\t\t\t\t\t\t\t<div class=\"elementor-background-overlay\"><\/div>\n\t\t\t\t\t\t\t<div class=\"elementor-container elementor-column-gap-default\">\n\t\t\t\t\t<div class=\"elementor-column elementor-col-100 elementor-top-column elementor-element elementor-element-d41104b\" data-id=\"d41104b\" data-element_type=\"column\">\n\t\t\t<div class=\"elementor-widget-wrap elementor-element-populated\">\n\t\t\t\t\t\t<div class=\"elementor-element elementor-element-643d1c5 talents-para elementor-widget elementor-widget-text-editor\" data-id=\"643d1c5\" data-element_type=\"widget\" data-widget_type=\"text-editor.default\">\n\t\t\t\t<div class=\"elementor-widget-container\">\n\t\t\t\t\t\t\t\t\tGDOWSKA FG  jest przygotowana do wsparcia wszystkich aspekt\u00f3w public relations dla lider\u00f3w z\nbran\u017cy luxury , fashion, urody, sztuki i designu. Wysoce wyspecjalizowany zesp\u00f3\u0142 zapewnia\nkreatywne i ukierunkowane strategie prasowe, kt\u00f3re obejmuj\u0105 nasz\u0105 sie\u0107 <strong>influencer\u00f3w<\/strong> i\nkontakty w bran\u017cy wydawniczej, broadcasting oraz w mediach cyfrowych.\n<br\/>\n<\/br>\nDo\u015bwiadczone zespo\u0142y PR zadbaj\u0105 o wszystkie szczeg\u00f3\u0142y, od zarz\u0105dzania kolekcjami i product\nplacement po rozw\u00f3j funkcji prasowej i kreatywna wsp\u00f3\u0142prace.\nCelebryci i influencerzy z GDOWSKA FG bior\u0105 udzia\u0142 w wa\u017cnych wydarzeniach, <strong>imprezach\ncharytatywnych i galach<\/strong>, ogl\u0105danych przez miliony widz\u00f3w na ca\u0142ym \u015bwiecie; od rozdania\nnagr\u00f3d w Hollywood, Cannes, Wenecji, Pary\u017cu i Mediolanie po ekskluzywne gale modowe.\nSie\u0107 mi\u0119dzynarodowych powi\u0105za\u0144 w bran\u017cy rozrywkowej i silne relacje z celebrytami i\ninfluencerami pomagaj\u0105 nam zapewni\u0107 wyj\u0105tkowy i stylowy zasi\u0119g, zgodny z potrzebami\nbiznesowymi klienta.\n<\/br>\n<\/br>\nNasza pasja i innowacyjne podej\u015bcie do promocji przy wsparciu ze strony celebryt\u00f3w,\npozwalaj\u0105 odkry\u0107 nieoczekiwane i specyficzne momenty zwi\u0105zane z product placementem i\nsponsoringiem, kt\u00f3re przynosz\u0105 naszym klientom natychmiastow\u0105 rozpoznawalno\u015b\u0107 marki.\nWa\u017cne jest dla nas \u015bwiadczenie wyj\u0105tkowej us\u0142ugi, wzbudzanie emocji i budowanie\nemocjonalnej wi\u0119zi z grup\u0105 docelow\u0105; co sprawia, \u017ce gwiazdy zakochuj\u0105 si\u0119 w produktach\nnaszych klient\u00f3w; klienci mog\u0105 by\u0107 dumni ze swoich osi\u0105gni\u0119\u0107 i prezentacji marki; a odbiorcy\nb\u0119d\u0105 zaintrygowani i zafascynowani mark\u0105 i ulubionym celebrytem.\t\t\t\t\t\t\t\t<\/div>\n\t\t\t\t<\/div>\n\t\t\t\t\t<\/div>\n\t\t<\/div>\n\t\t\t\t\t<\/div>\n\t\t<\/section>\n\t\t\t\t<section class=\"elementor-section elementor-top-section elementor-element elementor-element-d1150c8 elementor-section-stretched elementor-section-boxed elementor-section-height-default elementor-section-height-default\" data-id=\"d1150c8\" data-element_type=\"section\" data-settings=\"{&quot;stretch_section&quot;:&quot;section-stretched&quot;}\">\n\t\t\t\t\t\t<div class=\"elementor-container elementor-column-gap-default\">\n\t\t\t\t\t\t<\/div>\n\t\t<\/section>\n\t\t\t\t<section class=\"elementor-section elementor-top-section elementor-element elementor-element-251587c elementor-section-stretched elementor-section-full_width elementor-section-height-default elementor-section-height-default\" data-id=\"251587c\" data-element_type=\"section\" data-settings=\"{&quot;stretch_section&quot;:&quot;section-stretched&quot;}\">\n\t\t\t\t\t\t<div class=\"elementor-container elementor-column-gap-default\">\n\t\t\t\t\t<div class=\"elementor-column elementor-col-100 elementor-top-column elementor-element elementor-element-01276c6\" data-id=\"01276c6\" data-element_type=\"column\">\n\t\t\t<div class=\"elementor-widget-wrap elementor-element-populated\">\n\t\t\t\t\t\t<div class=\"elementor-element elementor-element-fafa85b elementor-widget elementor-widget-gallery\" data-id=\"fafa85b\" data-element_type=\"widget\" data-settings=\"{&quot;gallery_layout&quot;:&quot;justified&quot;,&quot;ideal_row_height&quot;:{&quot;unit&quot;:&quot;px&quot;,&quot;size&quot;:500,&quot;sizes&quot;:[]},&quot;gap&quot;:{&quot;unit&quot;:&quot;px&quot;,&quot;size&quot;:25,&quot;sizes&quot;:[]},&quot;lazyload&quot;:&quot;yes&quot;,&quot;ideal_row_height_tablet&quot;:{&quot;unit&quot;:&quot;px&quot;,&quot;size&quot;:150,&quot;sizes&quot;:[]},&quot;ideal_row_height_mobile&quot;:{&quot;unit&quot;:&quot;px&quot;,&quot;size&quot;:150,&quot;sizes&quot;:[]},&quot;gap_tablet&quot;:{&quot;unit&quot;:&quot;px&quot;,&quot;size&quot;:10,&quot;sizes&quot;:[]},&quot;gap_mobile&quot;:{&quot;unit&quot;:&quot;px&quot;,&quot;size&quot;:10,&quot;sizes&quot;:[]},&quot;link_to&quot;:&quot;file&quot;,&quot;overlay_background&quot;:&quot;yes&quot;,&quot;content_hover_animation&quot;:&quot;fade-in&quot;}\" data-widget_type=\"gallery.default\">\n\t\t\t\t<div class=\"elementor-widget-container\">\n\t\t\t\t\t\t\t<div class=\"elementor-gallery__container\">\n\t\t\t\t\t\t\t<a class=\"e-gallery-item elementor-gallery-item elementor-animated-content\" href=\"https:\/\/www.gdowskafg.com\/wp-content\/uploads\/2020\/02\/IMG_4783-e1581340455432.jpg\" data-elementor-open-lightbox=\"yes\" data-elementor-lightbox-slideshow=\"fafa85b\" data-elementor-lightbox-title=\"IMG_4783\" data-e-action-hash=\"#elementor-action%3Aaction%3Dlightbox%26settings%3DeyJpZCI6MzUxLCJ1cmwiOiJodHRwczpcL1wvd3d3Lmdkb3dza2FmZy5jb21cL3dwLWNvbnRlbnRcL3VwbG9hZHNcLzIwMjBcLzAyXC9JTUdfNDc4My1lMTU4MTM0MDQ1NTQzMi5qcGciLCJzbGlkZXNob3ciOiJmYWZhODViIn0%3D\">\n\t\t\t\t\t<div class=\"e-gallery-image elementor-gallery-item__image\" data-thumbnail=\"https:\/\/www.gdowskafg.com\/wp-content\/uploads\/2020\/02\/IMG_4783-e1581340455432.jpg\" data-width=\"740\" data-height=\"841\" aria-label=\"\" role=\"img\" ><\/div>\n\t\t\t\t\t\t\t\t\t\t\t<div class=\"elementor-gallery-item__overlay\"><\/div>\n\t\t\t\t\t\t\t\t\t\t\t\t\t\t<\/a>\n\t\t\t\t\t\t\t<a class=\"e-gallery-item elementor-gallery-item elementor-animated-content\" href=\"https:\/\/www.gdowskafg.com\/wp-content\/uploads\/2020\/02\/IMG_1498.png\" data-elementor-open-lightbox=\"yes\" data-elementor-lightbox-slideshow=\"fafa85b\" data-elementor-lightbox-title=\"IMG_1498\" data-e-action-hash=\"#elementor-action%3Aaction%3Dlightbox%26settings%3DeyJpZCI6NTI3LCJ1cmwiOiJodHRwczpcL1wvd3d3Lmdkb3dza2FmZy5jb21cL3dwLWNvbnRlbnRcL3VwbG9hZHNcLzIwMjBcLzAyXC9JTUdfMTQ5OC5wbmciLCJzbGlkZXNob3ciOiJmYWZhODViIn0%3D\">\n\t\t\t\t\t<div class=\"e-gallery-image elementor-gallery-item__image\" data-thumbnail=\"https:\/\/www.gdowskafg.com\/wp-content\/uploads\/2020\/02\/IMG_1498.png\" data-width=\"740\" data-height=\"1040\" aria-label=\"\" role=\"img\" ><\/div>\n\t\t\t\t\t\t\t\t\t\t\t<div class=\"elementor-gallery-item__overlay\"><\/div>\n\t\t\t\t\t\t\t\t\t\t\t\t\t\t<\/a>\n\t\t\t\t\t\t\t<a class=\"e-gallery-item elementor-gallery-item elementor-animated-content\" href=\"https:\/\/www.gdowskafg.com\/wp-content\/uploads\/2020\/02\/IMG_1501-1.png\" data-elementor-open-lightbox=\"yes\" data-elementor-lightbox-slideshow=\"fafa85b\" data-elementor-lightbox-title=\"IMG_1501 (1)\" data-e-action-hash=\"#elementor-action%3Aaction%3Dlightbox%26settings%3DeyJpZCI6NjQ5LCJ1cmwiOiJodHRwczpcL1wvd3d3Lmdkb3dza2FmZy5jb21cL3dwLWNvbnRlbnRcL3VwbG9hZHNcLzIwMjBcLzAyXC9JTUdfMTUwMS0xLnBuZyIsInNsaWRlc2hvdyI6ImZhZmE4NWIifQ%3D%3D\">\n\t\t\t\t\t<div class=\"e-gallery-image elementor-gallery-item__image\" data-thumbnail=\"https:\/\/www.gdowskafg.com\/wp-content\/uploads\/2020\/02\/IMG_1501-1.png\" data-width=\"740\" data-height=\"1032\" aria-label=\"\" role=\"img\" ><\/div>\n\t\t\t\t\t\t\t\t\t\t\t<div class=\"elementor-gallery-item__overlay\"><\/div>\n\t\t\t\t\t\t\t\t\t\t\t\t\t\t<\/a>\n\t\t\t\t\t\t\t<a class=\"e-gallery-item elementor-gallery-item elementor-animated-content\" href=\"https:\/\/www.gdowskafg.com\/wp-content\/uploads\/2020\/02\/IMG_1552-2.png\" data-elementor-open-lightbox=\"yes\" data-elementor-lightbox-slideshow=\"fafa85b\" data-elementor-lightbox-title=\"IMG_1552\" data-e-action-hash=\"#elementor-action%3Aaction%3Dlightbox%26settings%3DeyJpZCI6Mzg3LCJ1cmwiOiJodHRwczpcL1wvd3d3Lmdkb3dza2FmZy5jb21cL3dwLWNvbnRlbnRcL3VwbG9hZHNcLzIwMjBcLzAyXC9JTUdfMTU1Mi0yLnBuZyIsInNsaWRlc2hvdyI6ImZhZmE4NWIifQ%3D%3D\">\n\t\t\t\t\t<div class=\"e-gallery-image elementor-gallery-item__image\" data-thumbnail=\"https:\/\/www.gdowskafg.com\/wp-content\/uploads\/2020\/02\/IMG_1552-2.png\" data-width=\"740\" data-height=\"1034\" aria-label=\"\" role=\"img\" ><\/div>\n\t\t\t\t\t\t\t\t\t\t\t<div class=\"elementor-gallery-item__overlay\"><\/div>\n\t\t\t\t\t\t\t\t\t\t\t\t\t\t<\/a>\n\t\t\t\t\t\t\t<a class=\"e-gallery-item elementor-gallery-item elementor-animated-content\" href=\"https:\/\/www.gdowskafg.com\/wp-content\/uploads\/2020\/02\/IMG_4787.jpg\" data-elementor-open-lightbox=\"yes\" data-elementor-lightbox-slideshow=\"fafa85b\" data-elementor-lightbox-title=\"IMG_4787\" data-e-action-hash=\"#elementor-action%3Aaction%3Dlightbox%26settings%3DeyJpZCI6NjkyLCJ1cmwiOiJodHRwczpcL1wvd3d3Lmdkb3dza2FmZy5jb21cL3dwLWNvbnRlbnRcL3VwbG9hZHNcLzIwMjBcLzAyXC9JTUdfNDc4Ny5qcGciLCJzbGlkZXNob3ciOiJmYWZhODViIn0%3D\">\n\t\t\t\t\t<div class=\"e-gallery-image elementor-gallery-item__image\" data-thumbnail=\"https:\/\/www.gdowskafg.com\/wp-content\/uploads\/2020\/02\/IMG_4787.jpg\" data-width=\"740\" data-height=\"1026\" aria-label=\"\" role=\"img\" ><\/div>\n\t\t\t\t\t\t\t\t\t\t\t<div class=\"elementor-gallery-item__overlay\"><\/div>\n\t\t\t\t\t\t\t\t\t\t\t\t\t\t<\/a>\n\t\t\t\t\t\t\t<a class=\"e-gallery-item elementor-gallery-item elementor-animated-content\" href=\"https:\/\/www.gdowskafg.com\/wp-content\/uploads\/2020\/02\/IMG_39156544C9F3-1.jpeg\" data-elementor-open-lightbox=\"yes\" data-elementor-lightbox-slideshow=\"fafa85b\" data-elementor-lightbox-title=\"IMG_39156544C9F3-1\" data-e-action-hash=\"#elementor-action%3Aaction%3Dlightbox%26settings%3DeyJpZCI6NjkzLCJ1cmwiOiJodHRwczpcL1wvd3d3Lmdkb3dza2FmZy5jb21cL3dwLWNvbnRlbnRcL3VwbG9hZHNcLzIwMjBcLzAyXC9JTUdfMzkxNTY1NDRDOUYzLTEuanBlZyIsInNsaWRlc2hvdyI6ImZhZmE4NWIifQ%3D%3D\">\n\t\t\t\t\t<div class=\"e-gallery-image elementor-gallery-item__image\" data-thumbnail=\"https:\/\/www.gdowskafg.com\/wp-content\/uploads\/2020\/02\/IMG_39156544C9F3-1.jpeg\" data-width=\"740\" data-height=\"1032\" aria-label=\"\" role=\"img\" ><\/div>\n\t\t\t\t\t\t\t\t\t\t\t<div class=\"elementor-gallery-item__overlay\"><\/div>\n\t\t\t\t\t\t\t\t\t\t\t\t\t\t<\/a>\n\t\t\t\t\t\t\t<a class=\"e-gallery-item elementor-gallery-item elementor-animated-content\" href=\"https:\/\/www.gdowskafg.com\/wp-content\/uploads\/2020\/02\/IMG_4785-1.jpg\" data-elementor-open-lightbox=\"yes\" data-elementor-lightbox-slideshow=\"fafa85b\" data-elementor-lightbox-title=\"IMG_4785\" data-e-action-hash=\"#elementor-action%3Aaction%3Dlightbox%26settings%3DeyJpZCI6Mzg1LCJ1cmwiOiJodHRwczpcL1wvd3d3Lmdkb3dza2FmZy5jb21cL3dwLWNvbnRlbnRcL3VwbG9hZHNcLzIwMjBcLzAyXC9JTUdfNDc4NS0xLmpwZyIsInNsaWRlc2hvdyI6ImZhZmE4NWIifQ%3D%3D\">\n\t\t\t\t\t<div class=\"e-gallery-image elementor-gallery-item__image\" data-thumbnail=\"https:\/\/www.gdowskafg.com\/wp-content\/uploads\/2020\/02\/IMG_4785-1.jpg\" data-width=\"740\" data-height=\"899\" aria-label=\"\" role=\"img\" ><\/div>\n\t\t\t\t\t\t\t\t\t\t\t<div class=\"elementor-gallery-item__overlay\"><\/div>\n\t\t\t\t\t\t\t\t\t\t\t\t\t\t<\/a>\n\t\t\t\t\t\t\t<a class=\"e-gallery-item elementor-gallery-item elementor-animated-content\" href=\"https:\/\/www.gdowskafg.com\/wp-content\/uploads\/2020\/02\/IMG_4778-1.jpg\" data-elementor-open-lightbox=\"yes\" data-elementor-lightbox-slideshow=\"fafa85b\" data-elementor-lightbox-title=\"IMG_4778\" data-e-action-hash=\"#elementor-action%3Aaction%3Dlightbox%26settings%3DeyJpZCI6MzgxLCJ1cmwiOiJodHRwczpcL1wvd3d3Lmdkb3dza2FmZy5jb21cL3dwLWNvbnRlbnRcL3VwbG9hZHNcLzIwMjBcLzAyXC9JTUdfNDc3OC0xLmpwZyIsInNsaWRlc2hvdyI6ImZhZmE4NWIifQ%3D%3D\">\n\t\t\t\t\t<div class=\"e-gallery-image elementor-gallery-item__image\" data-thumbnail=\"https:\/\/www.gdowskafg.com\/wp-content\/uploads\/2020\/02\/IMG_4778-1.jpg\" data-width=\"740\" data-height=\"1025\" aria-label=\"\" role=\"img\" ><\/div>\n\t\t\t\t\t\t\t\t\t\t\t<div class=\"elementor-gallery-item__overlay\"><\/div>\n\t\t\t\t\t\t\t\t\t\t\t\t\t\t<\/a>\n\t\t\t\t\t\t\t<a class=\"e-gallery-item elementor-gallery-item elementor-animated-content\" href=\"https:\/\/www.gdowskafg.com\/wp-content\/uploads\/2020\/02\/Screenshot-2020-02-09-at-12.12.27-576x1024-1.jpg\" data-elementor-open-lightbox=\"yes\" data-elementor-lightbox-slideshow=\"fafa85b\" data-elementor-lightbox-title=\"Screenshot-2020-02-09-at-12.12.27-576x1024\" data-e-action-hash=\"#elementor-action%3Aaction%3Dlightbox%26settings%3DeyJpZCI6MzgwLCJ1cmwiOiJodHRwczpcL1wvd3d3Lmdkb3dza2FmZy5jb21cL3dwLWNvbnRlbnRcL3VwbG9hZHNcLzIwMjBcLzAyXC9TY3JlZW5zaG90LTIwMjAtMDItMDktYXQtMTIuMTIuMjctNTc2eDEwMjQtMS5qcGciLCJzbGlkZXNob3ciOiJmYWZhODViIn0%3D\">\n\t\t\t\t\t<div class=\"e-gallery-image elementor-gallery-item__image\" data-thumbnail=\"https:\/\/www.gdowskafg.com\/wp-content\/uploads\/2020\/02\/Screenshot-2020-02-09-at-12.12.27-576x1024-1.jpg\" data-width=\"574\" data-height=\"664\" aria-label=\"\" role=\"img\" ><\/div>\n\t\t\t\t\t\t\t\t\t\t\t<div class=\"elementor-gallery-item__overlay\"><\/div>\n\t\t\t\t\t\t\t\t\t\t\t\t\t\t<\/a>\n\t\t\t\t\t<\/div>\n\t\t\t\t\t<\/div>\n\t\t\t\t<\/div>\n\t\t\t\t\t<\/div>\n\t\t<\/div>\n\t\t\t\t\t<\/div>\n\t\t<\/section>\n\t\t\t\t<\/div>","protected":false},"excerpt":{"rendered":"<p>GDOWSKA FG is prepared to support all aspects of public relations for luxury fashion, beauty, art and design leaders. Highly specialized team delivers creative and focused press strategies that include our network of influencers and contacts in printing, broadcasting and digital media industry. Experienced PR teams will take care of all the details from collection [&hellip;]<\/p>","protected":false},"author":1,"featured_media":0,"parent":0,"menu_order":0,"comment_status":"closed","ping_status":"closed","template":"","meta":{"footnotes":""},"class_list":["post-33","page","type-page","status-publish","hentry","no-featured-image"],"_links":{"self":[{"href":"https:\/\/www.gdowskafg.com\/pl\/wp-json\/wp\/v2\/pages\/33","targetHints":{"allow":["GET"]}}],"collection":[{"href":"https:\/\/www.gdowskafg.com\/pl\/wp-json\/wp\/v2\/pages"}],"about":[{"href":"https:\/\/www.gdowskafg.com\/pl\/wp-json\/wp\/v2\/types\/page"}],"author":[{"embeddable":true,"href":"https:\/\/www.gdowskafg.com\/pl\/wp-json\/wp\/v2\/users\/1"}],"replies":[{"embeddable":true,"href":"https:\/\/www.gdowskafg.com\/pl\/wp-json\/wp\/v2\/comments?post=33"}],"version-history":[{"count":34,"href":"https:\/\/www.gdowskafg.com\/pl\/wp-json\/wp\/v2\/pages\/33\/revisions"}],"predecessor-version":[{"id":696,"href":"https:\/\/www.gdowskafg.com\/pl\/wp-json\/wp\/v2\/pages\/33\/revisions\/696"}],"wp:attachment":[{"href":"https:\/\/www.gdowskafg.com\/pl\/wp-json\/wp\/v2\/media?parent=33"}],"curies":[{"name":"wp","href":"https:\/\/api.w.org\/{rel}","templated":true}]}}